{"id":39,"date":"2021-03-24T10:37:45","date_gmt":"2021-03-24T09:37:45","guid":{"rendered":"https:\/\/custominstall.screenbased.com\/?page_id=39"},"modified":"2023-01-16T13:16:33","modified_gmt":"2023-01-16T12:16:33","slug":"blog","status":"publish","type":"page","link":"https:\/\/www.greenpulse.com\/en\/blog\/","title":{"rendered":"blog"},"content":{"rendered":"<div data-elementor-type=\"wp-page\" data-elementor-id=\"39\" class=\"elementor elementor-39\">\n\t\t\t\t\t\t<section class=\"elementor-section elementor-top-section elementor-element elementor-element-6782be2 elementor-section-full_width elementor-section-height-default elementor-section-height-default qodef-elementor-content-no\" data-id=\"6782be2\" data-element_type=\"section\" data-e-type=\"section\">\n\t\t\t\t\t\t<div class=\"elementor-container elementor-column-gap-default\">\n\t\t\t\t\t<div class=\"elementor-column elementor-col-100 elementor-top-column elementor-element elementor-element-ac260c0\" data-id=\"ac260c0\" data-element_type=\"column\" data-e-type=\"column\">\n\t\t\t<div class=\"elementor-widget-wrap elementor-element-populated\">\n\t\t\t\t\t\t<div class=\"elementor-element elementor-element-290dcfc elementor-widget elementor-widget-qi_addons_for_elementor_blog_list\" data-id=\"290dcfc\" data-element_type=\"widget\" data-e-type=\"widget\" data-widget_type=\"qi_addons_for_elementor_blog_list.default\">\n\t\t\t\t<div class=\"elementor-widget-container\">\n\t\t\t\t\t<div class=\"qodef-shortcode qodef-m qodef-addons-blog-list qodef-info-no-icons qodef-image--hover-zoom qodef-qi-grid qodef-layout--qi-columns qodef-col-num--4 qodef-item-layout--boxed qodef-responsive--custom qodef-col-num--1680--3 qodef-col-num--1440--3 qodef-col-num--1366--3 qodef-col-num--1024--2 qodef-col-num--768--2 qodef-col-num--680--1 qodef-col-num--480--1\" >\n\t<div class=\"qodef-grid-inner\">\n\t\t<article class=\"qodef-e qodef-blog-item qodef-grid-item qodef-item--full post-5487 post type-post status-publish format-standard has-post-thumbnail hentry category-blog\">\n\t<div class=\"qodef-e-inner\">\n\t\t<div class=\"qodef-e-media-holder\">\n\t\t\t<div class=\"qodef-e-media\">\n\t\t<div class=\"qodef-e-media-image\">\n\t\t<a itemprop=\"url\" href=\"https:\/\/www.greenpulse.com\/en\/blog\/warum-interne-pr-ein-wichtiges-fuhrungsinstrument-fur-unternehmen-ist\/\">\n\t\t\t<img fetchpriority=\"high\" decoding=\"async\" width=\"5184\" height=\"3456\" src=\"https:\/\/www.greenpulse.com\/cms\/wp-content\/uploads\/2022\/03\/announcement.jpg\" class=\"attachment-full size-full\" alt=\"\" srcset=\"https:\/\/www.greenpulse.com\/cms\/wp-content\/uploads\/2022\/03\/announcement.jpg 5184w, https:\/\/www.greenpulse.com\/cms\/wp-content\/uploads\/2022\/03\/announcement-300x200.jpg 300w, https:\/\/www.greenpulse.com\/cms\/wp-content\/uploads\/2022\/03\/announcement-1024x683.jpg 1024w, https:\/\/www.greenpulse.com\/cms\/wp-content\/uploads\/2022\/03\/announcement-768x512.jpg 768w, https:\/\/www.greenpulse.com\/cms\/wp-content\/uploads\/2022\/03\/announcement-18x12.jpg 18w, https:\/\/www.greenpulse.com\/cms\/wp-content\/uploads\/2022\/03\/announcement-454x303.jpg 454w, https:\/\/www.greenpulse.com\/cms\/wp-content\/uploads\/2022\/03\/announcement-718x479.jpg 718w, https:\/\/www.greenpulse.com\/cms\/wp-content\/uploads\/2022\/03\/announcement-976x651.jpg 976w, https:\/\/www.greenpulse.com\/cms\/wp-content\/uploads\/2022\/03\/announcement-1184x789.jpg 1184w, https:\/\/www.greenpulse.com\/cms\/wp-content\/uploads\/2022\/03\/announcement-1504x1003.jpg 1504w, https:\/\/www.greenpulse.com\/cms\/wp-content\/uploads\/2022\/03\/announcement-1872x1248.jpg 1872w\" sizes=\"(max-width: 5184px) 100vw, 5184px\" \/>\t\t<\/a>\n\t\t\t<\/div>\n<\/div>\n\t\t<\/div>\n\t\t<div class=\"qodef-e-content\">\n\t\t\t\t\t\t<div class=\"qodef-e-text\">\n\t\t\t\t<h5 itemprop=\"name\" class=\"qodef-e-title entry-title\">\n\t<a itemprop=\"url\" class=\"qodef-e-title-link\" href=\"https:\/\/www.greenpulse.com\/en\/blog\/warum-interne-pr-ein-wichtiges-fuhrungsinstrument-fur-unternehmen-ist\/\">\n\t\tWarum interne PR ein wichtiges F\u00fchrungsinstrument f\u00fcr Unternehmen ist\t<\/a>\n<\/h5>\n\t\t<p itemprop=\"description\" class=\"qodef-e-excerpt\">\n\t\t\tNicht nur die breite \u00d6ffentlichkeit, sondern auch die eigenen Mitarbeiter und Kollegen sollten Rezipienten der PR-Kommunikation \u00fcber Unternehmenserfolge sein.\t\t<\/p>\n\t\t\t\t<\/div>\n\t\t\t\t\t\t\t<div class=\"qodef-e-info qodef-info--bottom\">\n\t\t\t\t\t\t<div class=\"qodef-e-read-more\">\n\t\t<a class=\"qodef-shortcode qodef-m qodef-qi-button qodef-html--link qodef-layout--filled qodef-type--standard qodef-icon--right qodef-hover--icon-move-horizontal-short\" href=\"https:\/\/www.greenpulse.com\/en\/blog\/warum-interne-pr-ein-wichtiges-fuhrungsinstrument-fur-unternehmen-ist\/\" target=\"_self\">\t<span class=\"qodef-m-text\">Mehr lesen<\/span>\t<\/a>\t<\/div>\n\t\t\t\t<\/div>\n\t\t\t\t\t<\/div>\n\t<\/div>\n<\/article>\n<article class=\"qodef-e qodef-blog-item qodef-grid-item qodef-item--full post-5037 post type-post status-publish format-standard has-post-thumbnail hentry category-blog\">\n\t<div class=\"qodef-e-inner\">\n\t\t<div class=\"qodef-e-media-holder\">\n\t\t\t<div class=\"qodef-e-media\">\n\t\t<div class=\"qodef-e-media-image\">\n\t\t<a itemprop=\"url\" href=\"https:\/\/www.greenpulse.com\/en\/blog\/medienanalyse-big-data-fur-aussagekraftige-pr-reports-nutzen\/\">\n\t\t\t<img decoding=\"async\" width=\"4000\" height=\"2667\" src=\"https:\/\/www.greenpulse.com\/cms\/wp-content\/uploads\/2022\/02\/data-big-data-analysis.jpg\" class=\"attachment-full size-full\" alt=\"\" srcset=\"https:\/\/www.greenpulse.com\/cms\/wp-content\/uploads\/2022\/02\/data-big-data-analysis.jpg 4000w, https:\/\/www.greenpulse.com\/cms\/wp-content\/uploads\/2022\/02\/data-big-data-analysis-300x200.jpg 300w, https:\/\/www.greenpulse.com\/cms\/wp-content\/uploads\/2022\/02\/data-big-data-analysis-1024x683.jpg 1024w, https:\/\/www.greenpulse.com\/cms\/wp-content\/uploads\/2022\/02\/data-big-data-analysis-768x512.jpg 768w, https:\/\/www.greenpulse.com\/cms\/wp-content\/uploads\/2022\/02\/data-big-data-analysis-18x12.jpg 18w, https:\/\/www.greenpulse.com\/cms\/wp-content\/uploads\/2022\/02\/data-big-data-analysis-454x303.jpg 454w, https:\/\/www.greenpulse.com\/cms\/wp-content\/uploads\/2022\/02\/data-big-data-analysis-718x479.jpg 718w, https:\/\/www.greenpulse.com\/cms\/wp-content\/uploads\/2022\/02\/data-big-data-analysis-976x651.jpg 976w, https:\/\/www.greenpulse.com\/cms\/wp-content\/uploads\/2022\/02\/data-big-data-analysis-1184x789.jpg 1184w, https:\/\/www.greenpulse.com\/cms\/wp-content\/uploads\/2022\/02\/data-big-data-analysis-1504x1003.jpg 1504w, https:\/\/www.greenpulse.com\/cms\/wp-content\/uploads\/2022\/02\/data-big-data-analysis-1872x1248.jpg 1872w\" sizes=\"(max-width: 4000px) 100vw, 4000px\" \/>\t\t<\/a>\n\t\t\t<\/div>\n<\/div>\n\t\t<\/div>\n\t\t<div class=\"qodef-e-content\">\n\t\t\t\t\t\t<div class=\"qodef-e-text\">\n\t\t\t\t<h5 itemprop=\"name\" class=\"qodef-e-title entry-title\">\n\t<a itemprop=\"url\" class=\"qodef-e-title-link\" href=\"https:\/\/www.greenpulse.com\/en\/blog\/medienanalyse-big-data-fur-aussagekraftige-pr-reports-nutzen\/\">\n\t\tMedienanalyse: \u201eBig Data\u201c f\u00fcr aussagekr\u00e4ftige PR-Reports nutzen\t<\/a>\n<\/h5>\n\t\t<p itemprop=\"description\" class=\"qodef-e-excerpt\">\n\t\t\tReports sind nur so zuverl\u00e4ssig wie die Qualit\u00e4t der Daten, auf denen sie basieren. Das mach verl\u00e4ssliche Quellen f\u00fcr Aussagen \u00fcber Clicks und Reichweiten essenziell.\t\t<\/p>\n\t\t\t\t<\/div>\n\t\t\t\t\t\t\t<div class=\"qodef-e-info qodef-info--bottom\">\n\t\t\t\t\t\t<div class=\"qodef-e-read-more\">\n\t\t<a class=\"qodef-shortcode qodef-m qodef-qi-button qodef-html--link qodef-layout--filled qodef-type--standard qodef-icon--right qodef-hover--icon-move-horizontal-short\" href=\"https:\/\/www.greenpulse.com\/en\/blog\/medienanalyse-big-data-fur-aussagekraftige-pr-reports-nutzen\/\" target=\"_self\">\t<span class=\"qodef-m-text\">Mehr lesen<\/span>\t<\/a>\t<\/div>\n\t\t\t\t<\/div>\n\t\t\t\t\t<\/div>\n\t<\/div>\n<\/article>\n<article class=\"qodef-e qodef-blog-item qodef-grid-item qodef-item--full post-4993 post type-post status-publish format-standard has-post-thumbnail hentry category-blog\">\n\t<div class=\"qodef-e-inner\">\n\t\t<div class=\"qodef-e-media-holder\">\n\t\t\t<div class=\"qodef-e-media\">\n\t\t<div class=\"qodef-e-media-image\">\n\t\t<a itemprop=\"url\" href=\"https:\/\/www.greenpulse.com\/en\/blog\/testsiegel-und-awards-in-der-pr-was-es-hinsichtlich-der-nutzungsrechte-zu-beachten-gilt\/\">\n\t\t\t<img decoding=\"async\" width=\"5032\" height=\"3179\" src=\"https:\/\/www.greenpulse.com\/cms\/wp-content\/uploads\/2022\/02\/award.jpg\" class=\"attachment-full size-full\" alt=\"\" srcset=\"https:\/\/www.greenpulse.com\/cms\/wp-content\/uploads\/2022\/02\/award.jpg 5032w, https:\/\/www.greenpulse.com\/cms\/wp-content\/uploads\/2022\/02\/award-300x190.jpg 300w, https:\/\/www.greenpulse.com\/cms\/wp-content\/uploads\/2022\/02\/award-1024x647.jpg 1024w, https:\/\/www.greenpulse.com\/cms\/wp-content\/uploads\/2022\/02\/award-768x485.jpg 768w, https:\/\/www.greenpulse.com\/cms\/wp-content\/uploads\/2022\/02\/award-18x12.jpg 18w, https:\/\/www.greenpulse.com\/cms\/wp-content\/uploads\/2022\/02\/award-454x287.jpg 454w, https:\/\/www.greenpulse.com\/cms\/wp-content\/uploads\/2022\/02\/award-718x454.jpg 718w, https:\/\/www.greenpulse.com\/cms\/wp-content\/uploads\/2022\/02\/award-976x617.jpg 976w, https:\/\/www.greenpulse.com\/cms\/wp-content\/uploads\/2022\/02\/award-1184x748.jpg 1184w, https:\/\/www.greenpulse.com\/cms\/wp-content\/uploads\/2022\/02\/award-1504x950.jpg 1504w, https:\/\/www.greenpulse.com\/cms\/wp-content\/uploads\/2022\/02\/award-1872x1183.jpg 1872w\" sizes=\"(max-width: 5032px) 100vw, 5032px\" \/>\t\t<\/a>\n\t\t\t<\/div>\n<\/div>\n\t\t<\/div>\n\t\t<div class=\"qodef-e-content\">\n\t\t\t\t\t\t<div class=\"qodef-e-text\">\n\t\t\t\t<h5 itemprop=\"name\" class=\"qodef-e-title entry-title\">\n\t<a itemprop=\"url\" class=\"qodef-e-title-link\" href=\"https:\/\/www.greenpulse.com\/en\/blog\/testsiegel-und-awards-in-der-pr-was-es-hinsichtlich-der-nutzungsrechte-zu-beachten-gilt\/\">\n\t\tTestsiegel und Awards: Was es hinsichtlich der Nutzungsrechte zu beachten gilt\t<\/a>\n<\/h5>\n\t\t<p itemprop=\"description\" class=\"qodef-e-excerpt\">\n\t\t\tDer Einsatz gewonnener Testsiegel und Awards spielt in Presse- und Marketing-Ma\u00dfnahmen eine wichtige Rolle. Dabei sollten aber einige Fallstricke vermeiden werden.\t\t<\/p>\n\t\t\t\t<\/div>\n\t\t\t\t\t\t\t<div class=\"qodef-e-info qodef-info--bottom\">\n\t\t\t\t\t\t<div class=\"qodef-e-read-more\">\n\t\t<a class=\"qodef-shortcode qodef-m qodef-qi-button qodef-html--link qodef-layout--filled qodef-type--standard qodef-icon--right qodef-hover--icon-move-horizontal-short\" href=\"https:\/\/www.greenpulse.com\/en\/blog\/testsiegel-und-awards-in-der-pr-was-es-hinsichtlich-der-nutzungsrechte-zu-beachten-gilt\/\" target=\"_self\">\t<span class=\"qodef-m-text\">Mehr lesen<\/span>\t<\/a>\t<\/div>\n\t\t\t\t<\/div>\n\t\t\t\t\t<\/div>\n\t<\/div>\n<\/article>\n<article class=\"qodef-e qodef-blog-item qodef-grid-item qodef-item--full post-4214 post type-post status-publish format-standard has-post-thumbnail hentry category-blog\">\n\t<div class=\"qodef-e-inner\">\n\t\t<div class=\"qodef-e-media-holder\">\n\t\t\t<div class=\"qodef-e-media\">\n\t\t<div class=\"qodef-e-media-image\">\n\t\t<a itemprop=\"url\" href=\"https:\/\/www.greenpulse.com\/en\/blog\/clipping-report-automatisch-manuell\/\">\n\t\t\t<img loading=\"lazy\" decoding=\"async\" width=\"3500\" height=\"2338\" src=\"https:\/\/www.greenpulse.com\/cms\/wp-content\/uploads\/2022\/01\/working-creating-report-clipping.jpg\" class=\"attachment-full size-full\" alt=\"\" srcset=\"https:\/\/www.greenpulse.com\/cms\/wp-content\/uploads\/2022\/01\/working-creating-report-clipping.jpg 3500w, https:\/\/www.greenpulse.com\/cms\/wp-content\/uploads\/2022\/01\/working-creating-report-clipping-300x200.jpg 300w, https:\/\/www.greenpulse.com\/cms\/wp-content\/uploads\/2022\/01\/working-creating-report-clipping-1024x684.jpg 1024w, https:\/\/www.greenpulse.com\/cms\/wp-content\/uploads\/2022\/01\/working-creating-report-clipping-768x513.jpg 768w, https:\/\/www.greenpulse.com\/cms\/wp-content\/uploads\/2022\/01\/working-creating-report-clipping-18x12.jpg 18w, https:\/\/www.greenpulse.com\/cms\/wp-content\/uploads\/2022\/01\/working-creating-report-clipping-454x303.jpg 454w, https:\/\/www.greenpulse.com\/cms\/wp-content\/uploads\/2022\/01\/working-creating-report-clipping-718x480.jpg 718w, https:\/\/www.greenpulse.com\/cms\/wp-content\/uploads\/2022\/01\/working-creating-report-clipping-976x652.jpg 976w, https:\/\/www.greenpulse.com\/cms\/wp-content\/uploads\/2022\/01\/working-creating-report-clipping-1184x791.jpg 1184w, https:\/\/www.greenpulse.com\/cms\/wp-content\/uploads\/2022\/01\/working-creating-report-clipping-1504x1005.jpg 1504w, https:\/\/www.greenpulse.com\/cms\/wp-content\/uploads\/2022\/01\/working-creating-report-clipping-1872x1250.jpg 1872w\" sizes=\"(max-width: 3500px) 100vw, 3500px\" \/>\t\t<\/a>\n\t\t\t<\/div>\n<\/div>\n\t\t<\/div>\n\t\t<div class=\"qodef-e-content\">\n\t\t\t\t\t\t<div class=\"qodef-e-text\">\n\t\t\t\t<h5 itemprop=\"name\" class=\"qodef-e-title entry-title\">\n\t<a itemprop=\"url\" class=\"qodef-e-title-link\" href=\"https:\/\/www.greenpulse.com\/en\/blog\/clipping-report-automatisch-manuell\/\">\n\t\tClippings: Besser h\u00e4ndisch pflegen, als automatisch aggregieren\t<\/a>\n<\/h5>\n\t\t<p itemprop=\"description\" class=\"qodef-e-excerpt\">\n\t\t\tEin fundamentaler Bestandteil der PR-Arbeit ist das Sammeln und Speichern von Clippings. Automatisierte Systeme helfen dabei leider nicht immer effektiv.\t\t<\/p>\n\t\t\t\t<\/div>\n\t\t\t\t\t\t\t<div class=\"qodef-e-info qodef-info--bottom\">\n\t\t\t\t\t\t<div class=\"qodef-e-read-more\">\n\t\t<a class=\"qodef-shortcode qodef-m qodef-qi-button qodef-html--link qodef-layout--filled qodef-type--standard qodef-icon--right qodef-hover--icon-move-horizontal-short\" href=\"https:\/\/www.greenpulse.com\/en\/blog\/clipping-report-automatisch-manuell\/\" target=\"_self\">\t<span class=\"qodef-m-text\">Mehr lesen<\/span>\t<\/a>\t<\/div>\n\t\t\t\t<\/div>\n\t\t\t\t\t<\/div>\n\t<\/div>\n<\/article>\n<article class=\"qodef-e qodef-blog-item qodef-grid-item qodef-item--full post-4972 post type-post status-publish format-standard has-post-thumbnail hentry category-blog\">\n\t<div class=\"qodef-e-inner\">\n\t\t<div class=\"qodef-e-media-holder\">\n\t\t\t<div class=\"qodef-e-media\">\n\t\t<div class=\"qodef-e-media-image\">\n\t\t<a itemprop=\"url\" href=\"https:\/\/www.greenpulse.com\/en\/blog\/ad-hoc-reports-mit-den-richtigen-tools-kein-problem\/\">\n\t\t\t<img loading=\"lazy\" decoding=\"async\" width=\"6144\" height=\"4069\" src=\"https:\/\/www.greenpulse.com\/cms\/wp-content\/uploads\/2022\/01\/report-data-analytics.jpg\" class=\"attachment-full size-full\" alt=\"\" srcset=\"https:\/\/www.greenpulse.com\/cms\/wp-content\/uploads\/2022\/01\/report-data-analytics.jpg 6144w, https:\/\/www.greenpulse.com\/cms\/wp-content\/uploads\/2022\/01\/report-data-analytics-300x199.jpg 300w, https:\/\/www.greenpulse.com\/cms\/wp-content\/uploads\/2022\/01\/report-data-analytics-1024x678.jpg 1024w, https:\/\/www.greenpulse.com\/cms\/wp-content\/uploads\/2022\/01\/report-data-analytics-768x509.jpg 768w, https:\/\/www.greenpulse.com\/cms\/wp-content\/uploads\/2022\/01\/report-data-analytics-18x12.jpg 18w, https:\/\/www.greenpulse.com\/cms\/wp-content\/uploads\/2022\/01\/report-data-analytics-454x301.jpg 454w, https:\/\/www.greenpulse.com\/cms\/wp-content\/uploads\/2022\/01\/report-data-analytics-718x476.jpg 718w, https:\/\/www.greenpulse.com\/cms\/wp-content\/uploads\/2022\/01\/report-data-analytics-976x646.jpg 976w, https:\/\/www.greenpulse.com\/cms\/wp-content\/uploads\/2022\/01\/report-data-analytics-1184x784.jpg 1184w, https:\/\/www.greenpulse.com\/cms\/wp-content\/uploads\/2022\/01\/report-data-analytics-1504x996.jpg 1504w, https:\/\/www.greenpulse.com\/cms\/wp-content\/uploads\/2022\/01\/report-data-analytics-1872x1240.jpg 1872w\" sizes=\"(max-width: 6144px) 100vw, 6144px\" \/>\t\t<\/a>\n\t\t\t<\/div>\n<\/div>\n\t\t<\/div>\n\t\t<div class=\"qodef-e-content\">\n\t\t\t\t\t\t<div class=\"qodef-e-text\">\n\t\t\t\t<h5 itemprop=\"name\" class=\"qodef-e-title entry-title\">\n\t<a itemprop=\"url\" class=\"qodef-e-title-link\" href=\"https:\/\/www.greenpulse.com\/en\/blog\/ad-hoc-reports-mit-den-richtigen-tools-kein-problem\/\">\n\t\tAd-hoc-Reports: Mit den richtigen Tools kein Problem!\t<\/a>\n<\/h5>\n\t\t<p itemprop=\"description\" class=\"qodef-e-excerpt\">\n\t\t\tHier wird schnell eine Award-\u00dcbersicht f\u00fcr die Verkaufsunterlagen ben\u00f6tigt, dort heute noch ein \u00dcberblick \u00fcber die Presse-Coverage der letzten drei Wochen ...\t\t<\/p>\n\t\t\t\t<\/div>\n\t\t\t\t\t\t\t<div class=\"qodef-e-info qodef-info--bottom\">\n\t\t\t\t\t\t<div class=\"qodef-e-read-more\">\n\t\t<a class=\"qodef-shortcode qodef-m qodef-qi-button qodef-html--link qodef-layout--filled qodef-type--standard qodef-icon--right qodef-hover--icon-move-horizontal-short\" href=\"https:\/\/www.greenpulse.com\/en\/blog\/ad-hoc-reports-mit-den-richtigen-tools-kein-problem\/\" target=\"_self\">\t<span class=\"qodef-m-text\">Mehr lesen<\/span>\t<\/a>\t<\/div>\n\t\t\t\t<\/div>\n\t\t\t\t\t<\/div>\n\t<\/div>\n<\/article>\n\t<\/div>\n\t<\/div>\n\t\t\t\t<\/div>\n\t\t\t\t<\/div>\n\t\t\t\t\t<\/div>\n\t\t<\/div>\n\t\t\t\t\t<\/div>\n\t\t<\/section>\n\t\t\t\t<\/div>","protected":false},"excerpt":{"rendered":"<p>Warum interne PR ein wichtiges F\u00fchrungsinstrument f\u00fcr Unternehmen ist Nicht nur die breite \u00d6ffentlichkeit, sondern auch die eigenen Mitarbeiter und Kollegen sollten Rezipienten der PR-Kommunikation \u00fcber Unternehmenserfolge sein. Mehr lesen Medienanalyse: \u201eBig Data\u201c f\u00fcr aussagekr\u00e4ftige PR-Reports nutzen Reports sind nur so zuverl\u00e4ssig wie die Qualit\u00e4t der Daten, auf denen sie basieren. Das mach verl\u00e4ssliche Quellen [&hellip;]<\/p>\n","protected":false},"author":2,"featured_media":0,"parent":0,"menu_order":20,"comment_status":"closed","ping_status":"closed","template":"","meta":{"_acf_changed":false,"inline_featured_image":false,"footnotes":""},"class_list":["post-39","page","type-page","status-publish","hentry"],"acf":[],"yoast_head":"<!-- This site is optimized with the Yoast SEO plugin v27.5 - https:\/\/yoast.com\/product\/yoast-seo-wordpress\/ -->\n<title>blog - greenpulse<\/title>\n<meta name=\"robots\" content=\"index, follow, max-snippet:-1, max-image-preview:large, max-video-preview:-1\" \/>\n<link rel=\"canonical\" href=\"https:\/\/www.greenpulse.com\/en\/blog\/\" \/>\n<meta property=\"og:locale\" content=\"en_US\" \/>\n<meta property=\"og:type\" content=\"article\" \/>\n<meta property=\"og:title\" content=\"blog - greenpulse\" \/>\n<meta property=\"og:description\" content=\"Warum interne PR ein wichtiges F\u00fchrungsinstrument f\u00fcr Unternehmen ist Nicht nur die breite \u00d6ffentlichkeit, sondern auch die eigenen Mitarbeiter und Kollegen sollten Rezipienten der PR-Kommunikation \u00fcber Unternehmenserfolge sein. Mehr lesen Medienanalyse: \u201eBig Data\u201c f\u00fcr aussagekr\u00e4ftige PR-Reports nutzen Reports sind nur so zuverl\u00e4ssig wie die Qualit\u00e4t der Daten, auf denen sie basieren. Das mach verl\u00e4ssliche Quellen [&hellip;]\" \/>\n<meta property=\"og:url\" content=\"https:\/\/www.greenpulse.com\/en\/blog\/\" \/>\n<meta property=\"og:site_name\" content=\"greenpulse\" \/>\n<meta property=\"article:modified_time\" content=\"2023-01-16T12:16:33+00:00\" \/>\n<meta property=\"og:image\" content=\"https:\/\/www.greenpulse.com\/cms\/wp-content\/uploads\/2022\/03\/announcement.jpg\" \/>\n<meta name=\"twitter:card\" content=\"summary_large_image\" \/>\n<meta name=\"twitter:label1\" content=\"Est. reading time\" \/>\n\t<meta name=\"twitter:data1\" content=\"2 minutes\" \/>\n<script type=\"application\/ld+json\" class=\"yoast-schema-graph\">{\"@context\":\"https:\\\/\\\/schema.org\",\"@graph\":[{\"@type\":\"WebPage\",\"@id\":\"https:\\\/\\\/www.greenpulse.com\\\/blog\\\/\",\"url\":\"https:\\\/\\\/www.greenpulse.com\\\/blog\\\/\",\"name\":\"blog - greenpulse\",\"isPartOf\":{\"@id\":\"https:\\\/\\\/www.greenpulse.com\\\/#website\"},\"primaryImageOfPage\":{\"@id\":\"https:\\\/\\\/www.greenpulse.com\\\/blog\\\/#primaryimage\"},\"image\":{\"@id\":\"https:\\\/\\\/www.greenpulse.com\\\/blog\\\/#primaryimage\"},\"thumbnailUrl\":\"https:\\\/\\\/www.greenpulse.com\\\/cms\\\/wp-content\\\/uploads\\\/2022\\\/03\\\/announcement.jpg\",\"datePublished\":\"2021-03-24T09:37:45+00:00\",\"dateModified\":\"2023-01-16T12:16:33+00:00\",\"breadcrumb\":{\"@id\":\"https:\\\/\\\/www.greenpulse.com\\\/blog\\\/#breadcrumb\"},\"inLanguage\":\"en-US\",\"potentialAction\":[{\"@type\":\"ReadAction\",\"target\":[\"https:\\\/\\\/www.greenpulse.com\\\/blog\\\/\"]}]},{\"@type\":\"ImageObject\",\"inLanguage\":\"en-US\",\"@id\":\"https:\\\/\\\/www.greenpulse.com\\\/blog\\\/#primaryimage\",\"url\":\"https:\\\/\\\/www.greenpulse.com\\\/cms\\\/wp-content\\\/uploads\\\/2022\\\/03\\\/announcement.jpg\",\"contentUrl\":\"https:\\\/\\\/www.greenpulse.com\\\/cms\\\/wp-content\\\/uploads\\\/2022\\\/03\\\/announcement.jpg\"},{\"@type\":\"BreadcrumbList\",\"@id\":\"https:\\\/\\\/www.greenpulse.com\\\/blog\\\/#breadcrumb\",\"itemListElement\":[{\"@type\":\"ListItem\",\"position\":1,\"name\":\"greenpulse\",\"item\":\"https:\\\/\\\/www.greenpulse.com\\\/\"},{\"@type\":\"ListItem\",\"position\":2,\"name\":\"blog\"}]},{\"@type\":\"WebSite\",\"@id\":\"https:\\\/\\\/www.greenpulse.com\\\/#website\",\"url\":\"https:\\\/\\\/www.greenpulse.com\\\/\",\"name\":\"greenpulse\",\"description\":\"Die intelligenteste Software von PR-Managern f\u00fcr PR-Manager\",\"potentialAction\":[{\"@type\":\"SearchAction\",\"target\":{\"@type\":\"EntryPoint\",\"urlTemplate\":\"https:\\\/\\\/www.greenpulse.com\\\/?s={search_term_string}\"},\"query-input\":{\"@type\":\"PropertyValueSpecification\",\"valueRequired\":true,\"valueName\":\"search_term_string\"}}],\"inLanguage\":\"en-US\"}]}<\/script>\n<!-- \/ Yoast SEO plugin. -->","yoast_head_json":{"title":"blog - greenpulse","robots":{"index":"index","follow":"follow","max-snippet":"max-snippet:-1","max-image-preview":"max-image-preview:large","max-video-preview":"max-video-preview:-1"},"canonical":"https:\/\/www.greenpulse.com\/en\/blog\/","og_locale":"en_US","og_type":"article","og_title":"blog - greenpulse","og_description":"Warum interne PR ein wichtiges F\u00fchrungsinstrument f\u00fcr Unternehmen ist Nicht nur die breite \u00d6ffentlichkeit, sondern auch die eigenen Mitarbeiter und Kollegen sollten Rezipienten der PR-Kommunikation \u00fcber Unternehmenserfolge sein. Mehr lesen Medienanalyse: \u201eBig Data\u201c f\u00fcr aussagekr\u00e4ftige PR-Reports nutzen Reports sind nur so zuverl\u00e4ssig wie die Qualit\u00e4t der Daten, auf denen sie basieren. Das mach verl\u00e4ssliche Quellen [&hellip;]","og_url":"https:\/\/www.greenpulse.com\/en\/blog\/","og_site_name":"greenpulse","article_modified_time":"2023-01-16T12:16:33+00:00","og_image":[{"url":"https:\/\/www.greenpulse.com\/cms\/wp-content\/uploads\/2022\/03\/announcement.jpg","type":"","width":"","height":""}],"twitter_card":"summary_large_image","twitter_misc":{"Est. reading time":"2 minutes"},"schema":{"@context":"https:\/\/schema.org","@graph":[{"@type":"WebPage","@id":"https:\/\/www.greenpulse.com\/blog\/","url":"https:\/\/www.greenpulse.com\/blog\/","name":"blog - greenpulse","isPartOf":{"@id":"https:\/\/www.greenpulse.com\/#website"},"primaryImageOfPage":{"@id":"https:\/\/www.greenpulse.com\/blog\/#primaryimage"},"image":{"@id":"https:\/\/www.greenpulse.com\/blog\/#primaryimage"},"thumbnailUrl":"https:\/\/www.greenpulse.com\/cms\/wp-content\/uploads\/2022\/03\/announcement.jpg","datePublished":"2021-03-24T09:37:45+00:00","dateModified":"2023-01-16T12:16:33+00:00","breadcrumb":{"@id":"https:\/\/www.greenpulse.com\/blog\/#breadcrumb"},"inLanguage":"en-US","potentialAction":[{"@type":"ReadAction","target":["https:\/\/www.greenpulse.com\/blog\/"]}]},{"@type":"ImageObject","inLanguage":"en-US","@id":"https:\/\/www.greenpulse.com\/blog\/#primaryimage","url":"https:\/\/www.greenpulse.com\/cms\/wp-content\/uploads\/2022\/03\/announcement.jpg","contentUrl":"https:\/\/www.greenpulse.com\/cms\/wp-content\/uploads\/2022\/03\/announcement.jpg"},{"@type":"BreadcrumbList","@id":"https:\/\/www.greenpulse.com\/blog\/#breadcrumb","itemListElement":[{"@type":"ListItem","position":1,"name":"greenpulse","item":"https:\/\/www.greenpulse.com\/"},{"@type":"ListItem","position":2,"name":"blog"}]},{"@type":"WebSite","@id":"https:\/\/www.greenpulse.com\/#website","url":"https:\/\/www.greenpulse.com\/","name":"greenpulse","description":"Die intelligenteste Software von PR-Managern f\u00fcr PR-Manager","potentialAction":[{"@type":"SearchAction","target":{"@type":"EntryPoint","urlTemplate":"https:\/\/www.greenpulse.com\/?s={search_term_string}"},"query-input":{"@type":"PropertyValueSpecification","valueRequired":true,"valueName":"search_term_string"}}],"inLanguage":"en-US"}]}},"_links":{"self":[{"href":"https:\/\/www.greenpulse.com\/en\/wp-json\/wp\/v2\/pages\/39","targetHints":{"allow":["GET"]}}],"collection":[{"href":"https:\/\/www.greenpulse.com\/en\/wp-json\/wp\/v2\/pages"}],"about":[{"href":"https:\/\/www.greenpulse.com\/en\/wp-json\/wp\/v2\/types\/page"}],"author":[{"embeddable":true,"href":"https:\/\/www.greenpulse.com\/en\/wp-json\/wp\/v2\/users\/2"}],"replies":[{"embeddable":true,"href":"https:\/\/www.greenpulse.com\/en\/wp-json\/wp\/v2\/comments?post=39"}],"version-history":[{"count":0,"href":"https:\/\/www.greenpulse.com\/en\/wp-json\/wp\/v2\/pages\/39\/revisions"}],"wp:attachment":[{"href":"https:\/\/www.greenpulse.com\/en\/wp-json\/wp\/v2\/media?parent=39"}],"curies":[{"name":"wp","href":"https:\/\/api.w.org\/{rel}","templated":true}]}}